{"id":193,"date":"2011-10-04T00:53:58","date_gmt":"2011-10-03T22:53:58","guid":{"rendered":"http:\/\/www.pixel-zwo-punkt-null.de\/?page_id=193"},"modified":"2011-10-04T00:53:58","modified_gmt":"2011-10-03T22:53:58","slug":"impressum","status":"publish","type":"page","link":"https:\/\/www.pixel-zwo-punkt-null.de\/?page_id=193","title":{"rendered":"Impressum"},"content":{"rendered":"<p>All photos and contents on this website are protected under copyright law. Unauthorized private and commercial usage is not permitted. Please ask per email for permission.<\/p>\n<p>Alle hier ver\u00f6ffentlichten Fotos und Inhalte sind urheberrechtlich gesch\u00fctzt. Die kommerzielle oder private Nutzung bedarf einer ausdr\u00fccklichen Genehmigung. Anfragen richten Sie bitte an die angegebene email-Adresse.<\/p>\n<p>Betreiber und Verantwortlicher f\u00fcr den Inhalt dieser Webseite:<\/p>\n<p>Christian Weber<br \/>\nFrankfurter Stra\u00dfe 38<br \/>\n58553 Halver<\/p>\n<p>eMail: weber_ch(\u00c4T)gmx.de<\/p>\n","protected":false},"excerpt":{"rendered":"<p>All photos and contents on this website are protected under copyright law. Unauthorized private and commercial usage is not permitted. Please ask per email for permission. Alle hier ver\u00f6ffentlichten Fotos und Inhalte sind urheberrechtlich gesch\u00fctzt. Die kommerzielle oder private Nutzung bedarf einer ausdr\u00fccklichen Genehmigung. Anfragen richten Sie bitte an die angegebene email-Adresse. Betreiber und Verantwortlicher [&hellip;]<\/p>\n","protected":false},"author":1,"featured_media":0,"parent":0,"menu_order":0,"comment_status":"closed","ping_status":"open","template":"","meta":[],"acf":[],"_links":{"self":[{"href":"https:\/\/www.pixel-zwo-punkt-null.de\/index.php?rest_route=\/wp\/v2\/pages\/193"}],"collection":[{"href":"https:\/\/www.pixel-zwo-punkt-null.de\/index.php?rest_route=\/wp\/v2\/pages"}],"about":[{"href":"https:\/\/www.pixel-zwo-punkt-null.de\/index.php?rest_route=\/wp\/v2\/types\/page"}],"author":[{"embeddable":true,"href":"https:\/\/www.pixel-zwo-punkt-null.de\/index.php?rest_route=\/wp\/v2\/users\/1"}],"replies":[{"embeddable":true,"href":"https:\/\/www.pixel-zwo-punkt-null.de\/index.php?rest_route=%2Fwp%2Fv2%2Fcomments&post=193"}],"version-history":[{"count":0,"href":"https:\/\/www.pixel-zwo-punkt-null.de\/index.php?rest_route=\/wp\/v2\/pages\/193\/revisions"}],"wp:attachment":[{"href":"https:\/\/www.pixel-zwo-punkt-null.de\/index.php?rest_route=%2Fwp%2Fv2%2Fmedia&parent=193"}],"curies":[{"name":"wp","href":"https:\/\/api.w.org\/{rel}","templated":true}]}}